{"id":932,"date":"2022-01-09T18:42:50","date_gmt":"2022-01-10T00:42:50","guid":{"rendered":"https:\/\/costaricapsychology.com\/contacto\/"},"modified":"2023-07-29T12:35:32","modified_gmt":"2023-07-29T18:35:32","slug":"contacto","status":"publish","type":"page","link":"https:\/\/costaricapsychology.com\/es\/contacto\/","title":{"rendered":"Contacto"},"content":{"rendered":"<p>[et_pb_section fb_built=\u00bb1&#8243; fullwidth=\u00bbon\u00bb custom_padding_last_edited=\u00bbon|desktop\u00bb _builder_version=\u00bb4.16&#8243; background_color=\u00bb#ffffff\u00bb custom_padding_tablet=\u00bb\u00bb custom_padding_phone=\u00bb\u00bb transparent_background=\u00bboff\u00bb global_colors_info=\u00bb{}\u00bb][et_pb_fullwidth_header title=\u00bbreservar una cita\u00bb text_orientation=\u00bbcenter\u00bb background_overlay_color=\u00bbrgba(0,0,0,0.2)\u00bb _builder_version=\u00bb4.21.0&#8243; title_font_size=\u00bb48px\u00bb background_color=\u00bbrgba(255,255,255,0)\u00bb background_image=\u00bbhttps:\/\/costaricapsychology.com\/wp-content\/uploads\/2022\/01\/about-us-top-banner-scaled.jpg\u00bb max_width_tablet=\u00bb50px\u00bb title_font_size_tablet=\u00bb\u00bb title_font_size_phone=\u00bb24px\u00bb title_font_size_last_edited=\u00bbon|phone\u00bb custom_css_main_element=\u00bbpadding-top: 30px;||padding-bottom: 85px;\u00bb global_colors_info=\u00bb{}\u00bb button_one_text_size__hover_enabled=\u00bboff\u00bb button_one_text_size__hover=\u00bbnull\u00bb button_two_text_size__hover_enabled=\u00bboff\u00bb button_two_text_size__hover=\u00bbnull\u00bb button_one_text_color__hover_enabled=\u00bboff\u00bb button_one_text_color__hover=\u00bbnull\u00bb button_two_text_color__hover_enabled=\u00bboff\u00bb button_two_text_color__hover=\u00bbnull\u00bb button_one_border_width__hover_enabled=\u00bboff\u00bb button_one_border_width__hover=\u00bbnull\u00bb button_two_border_width__hover_enabled=\u00bboff\u00bb button_two_border_width__hover=\u00bbnull\u00bb button_one_border_color__hover_enabled=\u00bboff\u00bb button_one_border_color__hover=\u00bbnull\u00bb button_two_border_color__hover_enabled=\u00bboff\u00bb button_two_border_color__hover=\u00bbnull\u00bb button_one_border_radius__hover_enabled=\u00bboff\u00bb button_one_border_radius__hover=\u00bbnull\u00bb button_two_border_radius__hover_enabled=\u00bboff\u00bb button_two_border_radius__hover=\u00bbnull\u00bb button_one_letter_spacing__hover_enabled=\u00bboff\u00bb button_one_letter_spacing__hover=\u00bbnull\u00bb button_two_letter_spacing__hover_enabled=\u00bboff\u00bb button_two_letter_spacing__hover=\u00bbnull\u00bb button_one_bg_color__hover_enabled=\u00bboff\u00bb button_one_bg_color__hover=\u00bbnull\u00bb button_two_bg_color__hover_enabled=\u00bboff\u00bb button_two_bg_color__hover=\u00bbnull\u00bb][\/et_pb_fullwidth_header][\/et_pb_section][et_pb_section fb_built=\u00bb1&#8243; custom_padding_last_edited=\u00bbon|tablet\u00bb module_id=\u00bbcontactar con\u00bb _builder_version=\u00bb4.16&#8243; background_enable_color=\u00bboff\u00bb use_background_color_gradient=\u00bbon\u00bb background_color_gradient_stops=\u00bbrgba(0,0,0,0.75) 0%|rgba(0,0,0,0.75) 100%\u00bb background_color_gradient_overlays_image=\u00bbon\u00bb background_color_gradient_start=\u00bbrgba(0,0,0,0.75)\u00bb background_color_gradient_end=\u00bbrgba(0,0,0,0.75)\u00bb background_enable_image=\u00bboff\u00bb custom_padding=\u00bb120px||120px|\u00bb custom_padding_tablet=\u00bb80px||80px|\u00bb custom_padding_phone=\u00bb\u00bb transparent_background=\u00bboff\u00bb padding_mobile=\u00bbon\u00bb global_colors_info=\u00bb{}\u00bb][et_pb_row column_structure=\u00bb1_2,1_2&#8243; padding_mobile=\u00bboff\u00bb column_padding_mobile=\u00bbon\u00bb _builder_version=\u00bb4.16&#8243; background_size=\u00bbinitial\u00bb background_position=\u00bbtop_left\u00bb background_repeat=\u00bbrepeat\u00bb global_colors_info=\u00bb{}\u00bb][et_pb_column type=\u00bb1_2&#8243; _builder_version=\u00bb4.16&#8243; custom_padding=\u00bb|||\u00bb global_colors_info=\u00bb{}\u00bb custom_padding__hover=\u00bb|||\u00bb][et_pb_text _builder_version=\u00bb4.16&#8243; quote_font=\u00bb||on||||||\u00bb header_2_font_size=\u00bb40px\u00bb background_size=\u00bbinitial\u00bb background_position=\u00bbtop_left\u00bb background_repeat=\u00bbrepeat\u00bb background_layout=\u00bbdark\u00bb header_2_font_size_tablet=\u00bb\u00bb header_2_font_size_phone=\u00bb30px\u00bb header_2_font_size_last_edited=\u00bbon|phone\u00bb use_border_color=\u00bboff\u00bb global_colors_info=\u00bb{}\u00bb]<\/p>\n<h5 style=\"text-align: center;\">Concierte una consulta gratuita de 15 minutos:<\/h5>\n<p style=\"text-align: center;\">Podemos ayudarle en su viaje hacia una mejor salud mental y emocional. En <span>Costa Rica Psicolog\u00eda podemos<\/span> ayudarle a crear los resultados que desea. P\u00f3ngase en contacto con nosotros hoy mismo si desea programar una consulta gratuita de 15 minutos. Esperamos sus noticias.<\/p>\n<p style=\"text-align: center;\">Rellene el formulario de la derecha y un miembro de nuestro personal se pondr\u00e1 en contacto con usted para concertar su primera cita.  <\/p>\n<p>[\/et_pb_text][\/et_pb_column][et_pb_column type=\u00bb1_2&#8243; _builder_version=\u00bb4.16&#8243; custom_padding=\u00bb|||\u00bb global_colors_info=\u00bb{}\u00bb custom_padding__hover=\u00bb|||\u00bb][et_pb_contact_form use_spam_service=\u00bbon\u00bb recaptcha_list=\u00bbDefault|Default-0&#8243; email=\u00bbwendy@drwendycook.com,patientcare@costaricapsychology.com\u00bb success_message=\u00bbUn \u00e9xito. Pronto nos pondremos en contacto con usted.  \u00bb module_class=\u00bblightForm\u00bb _builder_version=\u00bb4.21.0&#8243; _unique_id=\u00bbe7fb316b-a78c-4a37-8722-33cbb4becafe\u00bb title_font=\u00bb||||||||\u00bb form_field_font=\u00bb||||||||\u00bb hover_enabled=\u00bb0&#8243; border_radii=\u00bbon|0px|0px|0px|0px\u00bb use_border_color=\u00bboff\u00bb border_color=\u00bb#ffffff\u00bb border_style=\u00bbsolid\u00bb input_border_radius=\u00bb0&#8243; global_colors_info=\u00bb{}\u00bb sticky_enabled=\u00bb0&#8243;][et_pb_contact_field field_id=\u00bbName\u00bb field_title=\u00bbNombre\u00bb fullwidth_field=\u00bbon\u00bb _builder_version=\u00bb4.21.0&#8243; form_field_font=\u00bb||||\u00bb use_border_color=\u00bboff\u00bb border_style=\u00bbsolid\u00bb global_colors_info=\u00bb{}\u00bb button_text_size__hover_enabled=\u00bboff\u00bb button_one_text_size__hover_enabled=\u00bboff\u00bb button_two_text_size__hover_enabled=\u00bboff\u00bb button_text_color__hover_enabled=\u00bboff\u00bb button_one_text_color__hover_enabled=\u00bboff\u00bb button_two_text_color__hover_enabled=\u00bboff\u00bb button_border_width__hover_enabled=\u00bboff\u00bb button_one_border_width__hover_enabled=\u00bboff\u00bb button_two_border_width__hover_enabled=\u00bboff\u00bb button_border_color__hover_enabled=\u00bboff\u00bb button_one_border_color__hover_enabled=\u00bboff\u00bb button_two_border_color__hover_enabled=\u00bboff\u00bb button_border_radius__hover_enabled=\u00bboff\u00bb button_one_border_radius__hover_enabled=\u00bboff\u00bb button_two_border_radius__hover_enabled=\u00bboff\u00bb button_letter_spacing__hover_enabled=\u00bboff\u00bb button_one_letter_spacing__hover_enabled=\u00bboff\u00bb button_two_letter_spacing__hover_enabled=\u00bboff\u00bb button_bg_color__hover_enabled=\u00bboff\u00bb button_one_bg_color__hover_enabled=\u00bboff\u00bb button_two_bg_color__hover_enabled=\u00bboff\u00bb] [\/et_pb_contact_field][et_pb_contact_field field_id=\u00bbEmail\u00bb field_title=\u00bbDirecci\u00f3n de correo electr\u00f3nico\u00bb field_type=\u00bbemail\u00bb _builder_version=\u00bb4.21.0&#8243; form_field_font=\u00bb||||\u00bb use_border_color=\u00bboff\u00bb border_style=\u00bbsolid\u00bb global_colors_info=\u00bb{}\u00bb button_text_size__hover_enabled=\u00bboff\u00bb button_one_text_size__hover_enabled=\u00bboff\u00bb button_two_text_size__hover_enabled=\u00bboff\u00bb button_text_color__hover_enabled=\u00bboff\u00bb button_one_text_color__hover_enabled=\u00bboff\u00bb button_two_text_color__hover_enabled=\u00bboff\u00bb button_border_width__hover_enabled=\u00bboff\u00bb button_one_border_width__hover_enabled=\u00bboff\u00bb button_two_border_width__hover_enabled=\u00bboff\u00bb button_border_color__hover_enabled=\u00bboff\u00bb button_one_border_color__hover_enabled=\u00bboff\u00bb button_two_border_color__hover_enabled=\u00bboff\u00bb button_border_radius__hover_enabled=\u00bboff\u00bb button_one_border_radius__hover_enabled=\u00bboff\u00bb button_two_border_radius__hover_enabled=\u00bboff\u00bb button_letter_spacing__hover_enabled=\u00bboff\u00bb button_one_letter_spacing__hover_enabled=\u00bboff\u00bb button_two_letter_spacing__hover_enabled=\u00bboff\u00bb button_bg_color__hover_enabled=\u00bboff\u00bb button_one_bg_color__hover_enabled=\u00bboff\u00bb button_two_bg_color__hover_enabled=\u00bboff\u00bb] [\/et_pb_contact_field][et_pb_contact_field field_id=\u00bbPhone\u00bb field_title=\u00bbTel\u00e9fono\u00bb _builder_version=\u00bb4.21.0&#8243; form_field_font=\u00bb||||\u00bb use_border_color=\u00bboff\u00bb border_style=\u00bbsolid\u00bb global_colors_info=\u00bb{}\u00bb button_text_size__hover_enabled=\u00bboff\u00bb button_one_text_size__hover_enabled=\u00bboff\u00bb button_two_text_size__hover_enabled=\u00bboff\u00bb button_text_color__hover_enabled=\u00bboff\u00bb button_one_text_color__hover_enabled=\u00bboff\u00bb button_two_text_color__hover_enabled=\u00bboff\u00bb button_border_width__hover_enabled=\u00bboff\u00bb button_one_border_width__hover_enabled=\u00bboff\u00bb button_two_border_width__hover_enabled=\u00bboff\u00bb button_border_color__hover_enabled=\u00bboff\u00bb button_one_border_color__hover_enabled=\u00bboff\u00bb button_two_border_color__hover_enabled=\u00bboff\u00bb button_border_radius__hover_enabled=\u00bboff\u00bb button_one_border_radius__hover_enabled=\u00bboff\u00bb button_two_border_radius__hover_enabled=\u00bboff\u00bb button_letter_spacing__hover_enabled=\u00bboff\u00bb button_one_letter_spacing__hover_enabled=\u00bboff\u00bb button_two_letter_spacing__hover_enabled=\u00bboff\u00bb button_bg_color__hover_enabled=\u00bboff\u00bb button_one_bg_color__hover_enabled=\u00bboff\u00bb button_two_bg_color__hover_enabled=\u00bboff\u00bb][\/et_pb_contact_field][et_pb_contact_field field_id=\u00bbMessage\u00bb field_title=\u00bbMotivo por el que busca terapia:\u00bb field_type=\u00bbtext\u00bb fullwidth_field=\u00bbon\u00bb _builder_version=\u00bb4.21.0&#8243; form_field_font=\u00bb||||\u00bb use_border_color=\u00bboff\u00bb border_style=\u00bbsolid\u00bb global_colors_info=\u00bb{}\u00bb button_text_size__hover_enabled=\u00bboff\u00bb button_one_text_size__hover_enabled=\u00bboff\u00bb button_two_text_size__hover_enabled=\u00bboff\u00bb button_text_color__hover_enabled=\u00bboff\u00bb button_one_text_color__hover_enabled=\u00bboff\u00bb button_two_text_color__hover_enabled=\u00bboff\u00bb button_border_width__hover_enabled=\u00bboff\u00bb button_one_border_width__hover_enabled=\u00bboff\u00bb button_two_border_width__hover_enabled=\u00bboff\u00bb button_border_color__hover_enabled=\u00bboff\u00bb button_one_border_color__hover_enabled=\u00bboff\u00bb button_two_border_color__hover_enabled=\u00bboff\u00bb button_border_radius__hover_enabled=\u00bboff\u00bb button_one_border_radius__hover_enabled=\u00bboff\u00bb button_two_border_radius__hover_enabled=\u00bboff\u00bb button_letter_spacing__hover_enabled=\u00bboff\u00bb button_one_letter_spacing__hover_enabled=\u00bboff\u00bb button_two_letter_spacing__hover_enabled=\u00bboff\u00bb button_bg_color__hover_enabled=\u00bboff\u00bb button_one_bg_color__hover_enabled=\u00bboff\u00bb button_two_bg_color__hover_enabled=\u00bboff\u00bb] [\/et_pb_contact_field][et_pb_contact_field field_id=\u00bbservices\u00bb field_title=\u00bbEn qu\u00e9 servicio est\u00e1 interesado:\u00bb field_type=\u00bbselect\u00bb select_options=\u00bb%91{%22value%22:%22Terapia Individual &#8211; $250 por sesi\u00f3n de 45 min%22,%22checked%22:0,%22dragID%22:-1},{%22value%22:%22Terapia de pareja &#8211; $350 por sesi\u00f3n de 45 minutos%22,%22checked%22:0,%22dragID%22:0},{%22value%22:%22Terapia Familiar &#8211; $350 por sesi\u00f3n de 45 min%22,%22checked%22:0,%22dragID%22:1}%93&#8243; fullwidth_field=\u00bbon\u00bb _builder_version=\u00bb4.21.0&#8243; _module_preset=\u00bbdefault\u00bb global_colors_info=\u00bb{}\u00bb][\/et_pb_contact_field][et_pb_contact_field field_id=\u00bbterms\u00bb field_title=\u00bb*Condiciones de uso:\u00bb field_type=\u00bbcheckbox\u00bb checkbox_options=\u00bb%91{%22value%22:%22S\u00ed, quiero enviar este formulario%22,%22checked%22:0,%22dragID%22:-1}%93&#8243; fullwidth_field=\u00bbon\u00bb _builder_version=\u00bb4.21.0&#8243; _module_preset=\u00bbdefault\u00bb form_field_background_color=\u00bb#696969&#8243; form_field_text_color=\u00bb#FFFFFF\u00bb form_field_focus_background_color=\u00bb#696969&#8243; form_field_focus_text_color=\u00bb#000000&#8243; background_enable_color=\u00bboff\u00bb global_colors_info=\u00bb{}\u00bb][\/et_pb_contact_field][\/et_pb_contact_form][\/et_pb_column][\/et_pb_row][et_pb_row _builder_version=\u00bb4.21.0&#8243; _module_preset=\u00bbdefault\u00bb custom_margin=\u00bb40px||40px||false|false\u00bb global_colors_info=\u00bb{}\u00bb][et_pb_column type=\u00bb4_4&#8243; _builder_version=\u00bb4.21.0&#8243; _module_preset=\u00bbdefault\u00bb global_colors_info=\u00bb{}\u00bb][et_pb_text _builder_version=\u00bb4.21.0&#8243; _module_preset=\u00bbdefault\u00bb global_colors_info=\u00bb{}\u00bb]<\/p>\n<p style=\"text-align: center;\"><span style=\"color: #ffffff;\"><em>*Al enviar este formulario a trav\u00e9s de este portal web, usted reconoce y acepta los riesgos de comunicar su informaci\u00f3n sanitaria a trav\u00e9s de este correo electr\u00f3nico y mensajer\u00eda electr\u00f3nica no cifrados y desea continuar a pesar de dichos riesgos. Al hacer clic en \u00abS\u00ed, quiero enviar este formulario\u00bb usted se compromete a mantener Costa Rica Psicolog\u00eda inofensivo para el uso no autorizado, divulgaci\u00f3n o acceso de su informaci\u00f3n de salud protegida enviada a trav\u00e9s de este medio electr\u00f3nico.<\/em><\/span><\/p>\n<p>[\/et_pb_text][\/et_pb_column][\/et_pb_row][\/et_pb_section]<\/p>\n","protected":false},"excerpt":{"rendered":"<p>Concierte una consulta gratuita de 15 minutos: Podemos ayudarle en su viaje hacia una mejor salud mental y emocional. En Costa Rica Psicolog\u00eda podemos ayudarle a crear los resultados que desea. P\u00f3ngase en contacto con nosotros hoy mismo si desea programar una consulta gratuita de 15 minutos. Esperamos sus noticias. Rellene el formulario de la [&hellip;]<\/p>\n","protected":false},"author":1,"featured_media":0,"parent":0,"menu_order":0,"comment_status":"closed","ping_status":"closed","template":"","meta":{"_et_pb_use_builder":"on","_et_pb_old_content":"","_et_gb_content_width":"","_custom_body_class":"","_custom_post_class":"","footnotes":""},"class_list":["post-932","page","type-page","status-publish","hentry"],"yoast_head":"<!-- This site is optimized with the Yoast SEO plugin v27.6 - https:\/\/yoast.com\/product\/yoast-seo-wordpress\/ -->\n<title>Contacto | Costa Rica Psychology<\/title>\n<meta name=\"description\" content=\"Podemos ayudarle en su viaje hacia una mejor salud mental y emocional. P\u00f3ngase en contacto con nosotros para una consulta gratuita de 15 minutos.\" \/>\n<meta name=\"robots\" content=\"index, follow, max-snippet:-1, max-image-preview:large, max-video-preview:-1\" \/>\n<link rel=\"canonical\" href=\"https:\/\/costaricapsychology.com\/es\/contacto\/\" \/>\n<meta property=\"og:locale\" content=\"es_ES\" \/>\n<meta property=\"og:type\" content=\"article\" \/>\n<meta property=\"og:title\" content=\"Contacto | Costa Rica Psychology\" \/>\n<meta property=\"og:description\" content=\"Podemos ayudarle en su viaje hacia una mejor salud mental y emocional. P\u00f3ngase en contacto con nosotros para una consulta gratuita de 15 minutos.\" \/>\n<meta property=\"og:url\" content=\"https:\/\/costaricapsychology.com\/es\/contacto\/\" \/>\n<meta property=\"og:site_name\" content=\"Costa Rica Psychology\" \/>\n<meta property=\"article:modified_time\" content=\"2023-07-29T18:35:32+00:00\" \/>\n<meta name=\"twitter:card\" content=\"summary_large_image\" \/>\n<meta name=\"twitter:label1\" content=\"Tiempo de lectura\" \/>\n\t<meta name=\"twitter:data1\" content=\"8 minutos\" \/>\n<script type=\"application\/ld+json\" class=\"yoast-schema-graph\">{\"@context\":\"https:\\\/\\\/schema.org\",\"@graph\":[{\"@type\":\"WebPage\",\"@id\":\"https:\\\/\\\/costaricapsychology.com\\\/es\\\/contacto\\\/\",\"url\":\"https:\\\/\\\/costaricapsychology.com\\\/es\\\/contacto\\\/\",\"name\":\"Contacto | Costa Rica Psychology\",\"isPartOf\":{\"@id\":\"https:\\\/\\\/costaricapsychology.com\\\/es\\\/#website\"},\"datePublished\":\"2022-01-10T00:42:50+00:00\",\"dateModified\":\"2023-07-29T18:35:32+00:00\",\"description\":\"Podemos ayudarle en su viaje hacia una mejor salud mental y emocional. P\u00f3ngase en contacto con nosotros para una consulta gratuita de 15 minutos.\",\"breadcrumb\":{\"@id\":\"https:\\\/\\\/costaricapsychology.com\\\/es\\\/contacto\\\/#breadcrumb\"},\"inLanguage\":\"es\",\"potentialAction\":[{\"@type\":\"ReadAction\",\"target\":[\"https:\\\/\\\/costaricapsychology.com\\\/es\\\/contacto\\\/\"]}]},{\"@type\":\"BreadcrumbList\",\"@id\":\"https:\\\/\\\/costaricapsychology.com\\\/es\\\/contacto\\\/#breadcrumb\",\"itemListElement\":[{\"@type\":\"ListItem\",\"position\":1,\"name\":\"Home\",\"item\":\"https:\\\/\\\/costaricapsychology.com\\\/es\\\/inicio\\\/\"},{\"@type\":\"ListItem\",\"position\":2,\"name\":\"Contacto\"}]},{\"@type\":\"WebSite\",\"@id\":\"https:\\\/\\\/costaricapsychology.com\\\/es\\\/#website\",\"url\":\"https:\\\/\\\/costaricapsychology.com\\\/es\\\/\",\"name\":\"Costa Rica Psychology\",\"description\":\"English &amp; Spanish Psychology in Costa Rica\",\"potentialAction\":[{\"@type\":\"SearchAction\",\"target\":{\"@type\":\"EntryPoint\",\"urlTemplate\":\"https:\\\/\\\/costaricapsychology.com\\\/es\\\/?s={search_term_string}\"},\"query-input\":{\"@type\":\"PropertyValueSpecification\",\"valueRequired\":true,\"valueName\":\"search_term_string\"}}],\"inLanguage\":\"es\"}]}<\/script>\n<!-- \/ Yoast SEO plugin. -->","yoast_head_json":{"title":"Contacto | Costa Rica Psychology","description":"Podemos ayudarle en su viaje hacia una mejor salud mental y emocional. P\u00f3ngase en contacto con nosotros para una consulta gratuita de 15 minutos.","robots":{"index":"index","follow":"follow","max-snippet":"max-snippet:-1","max-image-preview":"max-image-preview:large","max-video-preview":"max-video-preview:-1"},"canonical":"https:\/\/costaricapsychology.com\/es\/contacto\/","og_locale":"es_ES","og_type":"article","og_title":"Contacto | Costa Rica Psychology","og_description":"Podemos ayudarle en su viaje hacia una mejor salud mental y emocional. P\u00f3ngase en contacto con nosotros para una consulta gratuita de 15 minutos.","og_url":"https:\/\/costaricapsychology.com\/es\/contacto\/","og_site_name":"Costa Rica Psychology","article_modified_time":"2023-07-29T18:35:32+00:00","twitter_card":"summary_large_image","twitter_misc":{"Tiempo de lectura":"8 minutos"},"schema":{"@context":"https:\/\/schema.org","@graph":[{"@type":"WebPage","@id":"https:\/\/costaricapsychology.com\/es\/contacto\/","url":"https:\/\/costaricapsychology.com\/es\/contacto\/","name":"Contacto | Costa Rica Psychology","isPartOf":{"@id":"https:\/\/costaricapsychology.com\/es\/#website"},"datePublished":"2022-01-10T00:42:50+00:00","dateModified":"2023-07-29T18:35:32+00:00","description":"Podemos ayudarle en su viaje hacia una mejor salud mental y emocional. P\u00f3ngase en contacto con nosotros para una consulta gratuita de 15 minutos.","breadcrumb":{"@id":"https:\/\/costaricapsychology.com\/es\/contacto\/#breadcrumb"},"inLanguage":"es","potentialAction":[{"@type":"ReadAction","target":["https:\/\/costaricapsychology.com\/es\/contacto\/"]}]},{"@type":"BreadcrumbList","@id":"https:\/\/costaricapsychology.com\/es\/contacto\/#breadcrumb","itemListElement":[{"@type":"ListItem","position":1,"name":"Home","item":"https:\/\/costaricapsychology.com\/es\/inicio\/"},{"@type":"ListItem","position":2,"name":"Contacto"}]},{"@type":"WebSite","@id":"https:\/\/costaricapsychology.com\/es\/#website","url":"https:\/\/costaricapsychology.com\/es\/","name":"Costa Rica Psychology","description":"English &amp; Spanish Psychology in Costa Rica","potentialAction":[{"@type":"SearchAction","target":{"@type":"EntryPoint","urlTemplate":"https:\/\/costaricapsychology.com\/es\/?s={search_term_string}"},"query-input":{"@type":"PropertyValueSpecification","valueRequired":true,"valueName":"search_term_string"}}],"inLanguage":"es"}]}},"_links":{"self":[{"href":"https:\/\/costaricapsychology.com\/es\/wp-json\/wp\/v2\/pages\/932","targetHints":{"allow":["GET"]}}],"collection":[{"href":"https:\/\/costaricapsychology.com\/es\/wp-json\/wp\/v2\/pages"}],"about":[{"href":"https:\/\/costaricapsychology.com\/es\/wp-json\/wp\/v2\/types\/page"}],"author":[{"embeddable":true,"href":"https:\/\/costaricapsychology.com\/es\/wp-json\/wp\/v2\/users\/1"}],"replies":[{"embeddable":true,"href":"https:\/\/costaricapsychology.com\/es\/wp-json\/wp\/v2\/comments?post=932"}],"version-history":[{"count":4,"href":"https:\/\/costaricapsychology.com\/es\/wp-json\/wp\/v2\/pages\/932\/revisions"}],"predecessor-version":[{"id":1008,"href":"https:\/\/costaricapsychology.com\/es\/wp-json\/wp\/v2\/pages\/932\/revisions\/1008"}],"wp:attachment":[{"href":"https:\/\/costaricapsychology.com\/es\/wp-json\/wp\/v2\/media?parent=932"}],"curies":[{"name":"wp","href":"https:\/\/api.w.org\/{rel}","templated":true}]}}