{"id":930,"date":"2016-06-06T12:35:37","date_gmt":"2016-06-06T18:35:37","guid":{"rendered":"https:\/\/costaricapsychology.com\/politica-de-cancelacion\/"},"modified":"2023-07-28T06:06:10","modified_gmt":"2023-07-28T12:06:10","slug":"politica-de-cancelacion","status":"publish","type":"page","link":"https:\/\/costaricapsychology.com\/es\/politica-de-cancelacion\/","title":{"rendered":"Pol\u00edtica de cancelaci\u00f3n"},"content":{"rendered":"<p>[et_pb_section fb_built=\u00bb1&#8243; fullwidth=\u00bbon\u00bb custom_padding_last_edited=\u00bbon|desktop\u00bb admin_label=\u00bbSection\u00bb _builder_version=\u00bb4.16&#8243; custom_padding_tablet=\u00bb50px|0|50px|0&#8243; custom_padding_phone=\u00bb\u00bb transparent_background=\u00bboff\u00bb padding_mobile=\u00bboff\u00bb global_colors_info=\u00bb{}\u00bb][et_pb_fullwidth_header title=\u00bbpol\u00edtica de cancelaci\u00f3n\u00bb text_orientation=\u00bbcenter\u00bb background_overlay_color=\u00bbrgba(0,0,0,0.2)\u00bb admin_label=\u00bbFullwidth Header\u00bb _builder_version=\u00bb4.21.0&#8243; background_color=\u00bbrgba(255,255,255,0)\u00bb background_image=\u00bbhttps:\/\/costaricapsychology.com\/wp-content\/uploads\/2022\/01\/about-us-top-banner-scaled.jpg\u00bb custom_css_main_element=\u00bbpadding-top: 30px;||padding-bottom: 85px;\u00bb background_url=\u00bbhttps:\/\/josefin.madebysuperfly.com\/wp-content\/uploads\/sites\/2\/2016\/06\/mobile2.jpg\u00bb button_one_border_radius_hover=\u00bb0&#8243; button_two_border_radius_hover=\u00bb0&#8243; global_colors_info=\u00bb{}\u00bb button_one_text_size__hover_enabled=\u00bboff\u00bb button_two_text_size__hover_enabled=\u00bboff\u00bb button_one_text_color__hover_enabled=\u00bboff\u00bb button_two_text_color__hover_enabled=\u00bboff\u00bb button_one_border_width__hover_enabled=\u00bboff\u00bb button_two_border_width__hover_enabled=\u00bboff\u00bb button_one_border_color__hover_enabled=\u00bboff\u00bb button_two_border_color__hover_enabled=\u00bboff\u00bb button_one_border_radius__hover_enabled=\u00bbon\u00bb button_one_border_radius__hover=\u00bb0&#8243; button_two_border_radius__hover_enabled=\u00bbon\u00bb button_two_border_radius__hover=\u00bb0&#8243; button_one_letter_spacing__hover_enabled=\u00bboff\u00bb button_two_letter_spacing__hover_enabled=\u00bboff\u00bb button_one_bg_color__hover_enabled=\u00bboff\u00bb button_two_bg_color__hover_enabled=\u00bboff\u00bb][\/et_pb_fullwidth_header][\/et_pb_section][et_pb_section fb_built=\u00bb1&#8243; custom_padding_last_edited=\u00bbon|tablet\u00bb admin_label=\u00bbsection\u00bb _builder_version=\u00bb4.16&#8243; background_color=\u00bb#ffffff\u00bb custom_padding=\u00bb80px||80px|\u00bb custom_padding_tablet=\u00bb50px||50px|\u00bb custom_padding_phone=\u00bb\u00bb transparent_background=\u00bboff\u00bb padding_mobile=\u00bboff\u00bb global_colors_info=\u00bb{}\u00bb][et_pb_row admin_label=\u00bbfila\u00bb _builder_version=\u00bb4.16&#8243; background_size=\u00bbinitial\u00bb background_position=\u00bbtop_left\u00bb background_repeat=\u00bbrepeat\u00bb global_colors_info=\u00bb{}\u00bb][et_pb_column type=\u00bb4_4&#8243; _builder_version=\u00bb4.16&#8243; custom_padding=\u00bb|||\u00bb global_colors_info=\u00bb{}\u00bb custom_padding__hover=\u00bb|||\u00bb][et_pb_text admin_label=\u00bbText\u00bb _builder_version=\u00bb4.16&#8243; text_font=\u00bb||||||||\u00bb quote_font=\u00bb||on||||||\u00bb background_size=\u00bbinitial\u00bb background_position=\u00bbtop_left\u00bb background_repeat=\u00bbrepeat\u00bb use_border_color=\u00bboff\u00bb border_color=\u00bb#ffffff\u00bb border_style=\u00bbsolid\u00bb global_colors_info=\u00bb{}\u00bb]<\/p>\n<p><span>En Costa Rica Psicolog\u00eda, nos esforzamos por ofrecer una atenci\u00f3n excepcional, respetando el tiempo y el compromiso que implica la prestaci\u00f3n de nuestros servicios. Para garantizar un proceso de programaci\u00f3n fluido y eficaz, hemos implantado la siguiente pol\u00edtica de cancelaci\u00f3n:<\/span><\/p>\n<p><strong>1. Aviso de cancelaci\u00f3n:<\/strong><br \/>Se ruega a los clientes que avisen con un m\u00ednimo de 24 horas de antelaci\u00f3n si necesitan cancelar o reprogramar su cita. Esto nos permite ofrecer la franja horaria disponible a otras personas que puedan necesitar nuestros servicios.<\/p>\n<p><strong>2. Cancelaciones tard\u00edas y no presentaci\u00f3n:<\/strong><br \/>En caso de cancelaci\u00f3n con menos de 24 horas de antelaci\u00f3n a la sesi\u00f3n programada o de no acudir a la cita sin previo aviso, los clientes deber\u00e1n abonar el importe \u00edntegro de la sesi\u00f3n. Esta pol\u00edtica garantiza que podamos mantener nuestro compromiso de servir eficazmente a todos nuestros clientes.<\/p>\n<p><strong>3. Reprogramaci\u00f3n:<\/strong><br \/>Los clientes que necesiten reprogramar su cita y avisen con al menos 24 horas de antelaci\u00f3n ser\u00e1n atendidos en la medida de nuestras posibilidades. Entendemos que pueden surgir circunstancias imprevistas, y estamos aqu\u00ed para trabajar con nuestros clientes para encontrar un nuevo momento mutuamente conveniente para su sesi\u00f3n.<\/p>\n<p><strong>4. Emergencias y excepciones:<\/strong><br \/>En caso de emergencia o de circunstancias imprevistas que impidan a los clientes acudir a su cita programada, les rogamos que se pongan en contacto con nosotros lo antes posible. Entendemos que ciertas situaciones escapan a su control, y las manejaremos con compasi\u00f3n y flexibilidad.<\/p>\n<p>Agradecemos enormemente la comprensi\u00f3n y cooperaci\u00f3n de nuestros clientes en el cumplimiento de nuestra pol\u00edtica de cancelaci\u00f3n. Respetando estas directrices, podemos optimizar nuestro horario y garantizar que podemos seguir proporcionando el m\u00e1ximo nivel de atenci\u00f3n y apoyo a todas las personas que solicitan nuestros servicios.<\/p>\n<p>Si los clientes tienen alguna pregunta o duda sobre nuestra pol\u00edtica de cancelaci\u00f3n, les animamos a que se pongan en contacto con nosotros. Gracias por elegir Costa Rica Psicolog\u00eda, y esperamos poder apoyar a los clientes en su viaje hacia la mejora del bienestar mental y emocional.<\/p>\n<p>[\/et_pb_text][\/et_pb_column][\/et_pb_row][\/et_pb_section]<\/p>\n","protected":false},"excerpt":{"rendered":"<p>En Costa Rica Psicolog\u00eda, nos esforzamos por ofrecer una atenci\u00f3n excepcional, respetando el tiempo y el compromiso que implica la prestaci\u00f3n de nuestros servicios. Para garantizar un proceso de programaci\u00f3n fluido y eficaz, hemos implantado la siguiente pol\u00edtica de cancelaci\u00f3n: 1. Aviso de cancelaci\u00f3n:Se ruega a los clientes que avisen con un m\u00ednimo de 24 [&hellip;]<\/p>\n","protected":false},"author":2,"featured_media":0,"parent":0,"menu_order":0,"comment_status":"closed","ping_status":"closed","template":"","meta":{"_et_pb_use_builder":"on","_et_pb_old_content":"","_et_gb_content_width":"","_custom_body_class":"","_custom_post_class":"","footnotes":""},"class_list":["post-930","page","type-page","status-publish","hentry"],"yoast_head":"<!-- This site is optimized with the Yoast SEO plugin v27.4 - https:\/\/yoast.com\/product\/yoast-seo-wordpress\/ -->\n<title>Pol\u00edtica de cancelaci\u00f3n | Costa Rica Psychology<\/title>\n<meta name=\"description\" content=\"Un dise\u00f1o de p\u00e1gina b\u00e1sica utilizando el Josefin Divi Child Theme ... un limpio y moderno Child Theme para Divi.\" \/>\n<meta name=\"robots\" content=\"index, follow, max-snippet:-1, max-image-preview:large, max-video-preview:-1\" \/>\n<link rel=\"canonical\" href=\"https:\/\/costaricapsychology.com\/es\/politica-de-cancelacion\/\" \/>\n<meta property=\"og:locale\" content=\"es_ES\" \/>\n<meta property=\"og:type\" content=\"article\" \/>\n<meta property=\"og:title\" content=\"Pol\u00edtica de cancelaci\u00f3n | Costa Rica Psychology\" \/>\n<meta property=\"og:description\" content=\"Un dise\u00f1o de p\u00e1gina b\u00e1sica utilizando el Josefin Divi Child Theme ... un limpio y moderno Child Theme para Divi.\" \/>\n<meta property=\"og:url\" content=\"https:\/\/costaricapsychology.com\/es\/politica-de-cancelacion\/\" \/>\n<meta property=\"og:site_name\" content=\"Costa Rica Psychology\" \/>\n<meta property=\"article:modified_time\" content=\"2023-07-28T12:06:10+00:00\" \/>\n<meta name=\"twitter:card\" content=\"summary_large_image\" \/>\n<meta name=\"twitter:label1\" content=\"Tiempo de lectura\" \/>\n\t<meta name=\"twitter:data1\" content=\"3 minutos\" \/>\n<script type=\"application\/ld+json\" class=\"yoast-schema-graph\">{\"@context\":\"https:\\\/\\\/schema.org\",\"@graph\":[{\"@type\":\"WebPage\",\"@id\":\"https:\\\/\\\/costaricapsychology.com\\\/es\\\/politica-de-cancelacion\\\/\",\"url\":\"https:\\\/\\\/costaricapsychology.com\\\/es\\\/politica-de-cancelacion\\\/\",\"name\":\"Pol\u00edtica de cancelaci\u00f3n | Costa Rica Psychology\",\"isPartOf\":{\"@id\":\"https:\\\/\\\/costaricapsychology.com\\\/es\\\/#website\"},\"datePublished\":\"2016-06-06T18:35:37+00:00\",\"dateModified\":\"2023-07-28T12:06:10+00:00\",\"description\":\"Un dise\u00f1o de p\u00e1gina b\u00e1sica utilizando el Josefin Divi Child Theme ... un limpio y moderno Child Theme para Divi.\",\"breadcrumb\":{\"@id\":\"https:\\\/\\\/costaricapsychology.com\\\/es\\\/politica-de-cancelacion\\\/#breadcrumb\"},\"inLanguage\":\"es\",\"potentialAction\":[{\"@type\":\"ReadAction\",\"target\":[\"https:\\\/\\\/costaricapsychology.com\\\/es\\\/politica-de-cancelacion\\\/\"]}]},{\"@type\":\"BreadcrumbList\",\"@id\":\"https:\\\/\\\/costaricapsychology.com\\\/es\\\/politica-de-cancelacion\\\/#breadcrumb\",\"itemListElement\":[{\"@type\":\"ListItem\",\"position\":1,\"name\":\"Home\",\"item\":\"https:\\\/\\\/costaricapsychology.com\\\/es\\\/inicio\\\/\"},{\"@type\":\"ListItem\",\"position\":2,\"name\":\"Pol\u00edtica de cancelaci\u00f3n\"}]},{\"@type\":\"WebSite\",\"@id\":\"https:\\\/\\\/costaricapsychology.com\\\/es\\\/#website\",\"url\":\"https:\\\/\\\/costaricapsychology.com\\\/es\\\/\",\"name\":\"Costa Rica Psychology\",\"description\":\"English &amp; Spanish Psychology in Costa Rica\",\"potentialAction\":[{\"@type\":\"SearchAction\",\"target\":{\"@type\":\"EntryPoint\",\"urlTemplate\":\"https:\\\/\\\/costaricapsychology.com\\\/es\\\/?s={search_term_string}\"},\"query-input\":{\"@type\":\"PropertyValueSpecification\",\"valueRequired\":true,\"valueName\":\"search_term_string\"}}],\"inLanguage\":\"es\"}]}<\/script>\n<!-- \/ Yoast SEO plugin. -->","yoast_head_json":{"title":"Pol\u00edtica de cancelaci\u00f3n | Costa Rica Psychology","description":"Un dise\u00f1o de p\u00e1gina b\u00e1sica utilizando el Josefin Divi Child Theme ... un limpio y moderno Child Theme para Divi.","robots":{"index":"index","follow":"follow","max-snippet":"max-snippet:-1","max-image-preview":"max-image-preview:large","max-video-preview":"max-video-preview:-1"},"canonical":"https:\/\/costaricapsychology.com\/es\/politica-de-cancelacion\/","og_locale":"es_ES","og_type":"article","og_title":"Pol\u00edtica de cancelaci\u00f3n | Costa Rica Psychology","og_description":"Un dise\u00f1o de p\u00e1gina b\u00e1sica utilizando el Josefin Divi Child Theme ... un limpio y moderno Child Theme para Divi.","og_url":"https:\/\/costaricapsychology.com\/es\/politica-de-cancelacion\/","og_site_name":"Costa Rica Psychology","article_modified_time":"2023-07-28T12:06:10+00:00","twitter_card":"summary_large_image","twitter_misc":{"Tiempo de lectura":"3 minutos"},"schema":{"@context":"https:\/\/schema.org","@graph":[{"@type":"WebPage","@id":"https:\/\/costaricapsychology.com\/es\/politica-de-cancelacion\/","url":"https:\/\/costaricapsychology.com\/es\/politica-de-cancelacion\/","name":"Pol\u00edtica de cancelaci\u00f3n | Costa Rica Psychology","isPartOf":{"@id":"https:\/\/costaricapsychology.com\/es\/#website"},"datePublished":"2016-06-06T18:35:37+00:00","dateModified":"2023-07-28T12:06:10+00:00","description":"Un dise\u00f1o de p\u00e1gina b\u00e1sica utilizando el Josefin Divi Child Theme ... un limpio y moderno Child Theme para Divi.","breadcrumb":{"@id":"https:\/\/costaricapsychology.com\/es\/politica-de-cancelacion\/#breadcrumb"},"inLanguage":"es","potentialAction":[{"@type":"ReadAction","target":["https:\/\/costaricapsychology.com\/es\/politica-de-cancelacion\/"]}]},{"@type":"BreadcrumbList","@id":"https:\/\/costaricapsychology.com\/es\/politica-de-cancelacion\/#breadcrumb","itemListElement":[{"@type":"ListItem","position":1,"name":"Home","item":"https:\/\/costaricapsychology.com\/es\/inicio\/"},{"@type":"ListItem","position":2,"name":"Pol\u00edtica de cancelaci\u00f3n"}]},{"@type":"WebSite","@id":"https:\/\/costaricapsychology.com\/es\/#website","url":"https:\/\/costaricapsychology.com\/es\/","name":"Costa Rica Psychology","description":"English &amp; Spanish Psychology in Costa Rica","potentialAction":[{"@type":"SearchAction","target":{"@type":"EntryPoint","urlTemplate":"https:\/\/costaricapsychology.com\/es\/?s={search_term_string}"},"query-input":{"@type":"PropertyValueSpecification","valueRequired":true,"valueName":"search_term_string"}}],"inLanguage":"es"}]}},"_links":{"self":[{"href":"https:\/\/costaricapsychology.com\/es\/wp-json\/wp\/v2\/pages\/930","targetHints":{"allow":["GET"]}}],"collection":[{"href":"https:\/\/costaricapsychology.com\/es\/wp-json\/wp\/v2\/pages"}],"about":[{"href":"https:\/\/costaricapsychology.com\/es\/wp-json\/wp\/v2\/types\/page"}],"author":[{"embeddable":true,"href":"https:\/\/costaricapsychology.com\/es\/wp-json\/wp\/v2\/users\/2"}],"replies":[{"embeddable":true,"href":"https:\/\/costaricapsychology.com\/es\/wp-json\/wp\/v2\/comments?post=930"}],"version-history":[{"count":2,"href":"https:\/\/costaricapsychology.com\/es\/wp-json\/wp\/v2\/pages\/930\/revisions"}],"predecessor-version":[{"id":939,"href":"https:\/\/costaricapsychology.com\/es\/wp-json\/wp\/v2\/pages\/930\/revisions\/939"}],"wp:attachment":[{"href":"https:\/\/costaricapsychology.com\/es\/wp-json\/wp\/v2\/media?parent=930"}],"curies":[{"name":"wp","href":"https:\/\/api.w.org\/{rel}","templated":true}]}}